{"id":9864,"date":"2024-02-01T07:45:12","date_gmt":"2024-02-01T12:45:12","guid":{"rendered":"https:\/\/nixiloo.com\/concept\/nix-03\/"},"modified":"2025-07-24T09:51:11","modified_gmt":"2025-07-24T13:51:11","slug":"nix-03","status":"publish","type":"page","link":"https:\/\/nixiloo.com\/en\/concept-permanent-dry-toilet\/nix-03\/","title":{"rendered":"NIX-03"},"content":{"rendered":"\t\t<div data-elementor-type=\"wp-page\" data-elementor-id=\"9864\" class=\"elementor elementor-9864 elementor-9016\" data-elementor-post-type=\"page\">\n\t\t\t\t\t\t<section class=\"elementor-section elementor-top-section elementor-element elementor-element-8ab5842 elementor-section-full_width qodef-elementor-content-grid elementor-section-height-min-height video-container elementor-section-height-default elementor-section-items-middle\" data-id=\"8ab5842\" data-element_type=\"section\" data-settings=\"{&quot;background_background&quot;:&quot;video&quot;,&quot;background_video_link&quot;:&quot;https:\\\/\\\/youtu.be\\\/8aXEqGIA6q4&quot;,&quot;background_play_on_mobile&quot;:&quot;yes&quot;}\">\n\t\t\t\t\t\t\t\t<div class=\"elementor-background-video-container\" aria-hidden=\"true\">\n\t\t\t\t\t\t\t\t\t\t\t\t\t<div class=\"elementor-background-video-embed\"><\/div>\n\t\t\t\t\t\t\t\t\t\t\t\t<\/div>\n\t\t\t\t\t\t\t\t<div class=\"elementor-container elementor-column-gap-default\">\n\t\t\t\t\t<div class=\"elementor-column elementor-col-100 elementor-top-column elementor-element elementor-element-cbeafbe\" data-id=\"cbeafbe\" data-element_type=\"column\">\n\t\t\t<div class=\"elementor-widget-wrap elementor-element-populated\">\n\t\t\t\t\t\t<div class=\"elementor-element elementor-element-95c6d7f elementor-widget elementor-widget-manufaktursolutions_core_section_title\" data-id=\"95c6d7f\" data-element_type=\"widget\" data-widget_type=\"manufaktursolutions_core_section_title.default\">\n\t\t\t\t<div class=\"elementor-widget-container\">\n\t\t\t\t\t<div class=\"qodef-shortcode qodef-m  qodef-section-title qodef-alignment--left   \">\n\t\t<p class=\"qodef-m-highlight-text\" style=\"margin-bottom: 18px\">Nixiloo<\/p>\n\t\t<h1 class=\"qodef-m-title\" style=\"color: #FFFFFF\">\n\t\t\t\t\tNIX-03\t\t\t<\/h1>\n\t\t<\/div>\n\t\t\t\t<\/div>\n\t\t\t\t<\/div>\n\t\t\t\t\t<\/div>\n\t\t<\/div>\n\t\t\t\t\t<\/div>\n\t\t<\/section>\n\t\t\t\t<section class=\"elementor-section elementor-top-section elementor-element elementor-element-d57f364 qodef-elementor-content-grid elementor-section-full_width elementor-section-height-default elementor-section-height-default\" data-id=\"d57f364\" data-element_type=\"section\" data-settings=\"{&quot;background_background&quot;:&quot;classic&quot;}\">\n\t\t\t\t\t\t<div class=\"elementor-container elementor-column-gap-default\">\n\t\t\t\t\t<div class=\"elementor-column elementor-col-50 elementor-top-column elementor-element elementor-element-bdd7a15\" data-id=\"bdd7a15\" data-element_type=\"column\">\n\t\t\t<div class=\"elementor-widget-wrap elementor-element-populated\">\n\t\t\t\t\t\t<div class=\"elementor-element elementor-element-8e5c7c1 elementor-widget elementor-widget-manufaktursolutions_core_section_title\" data-id=\"8e5c7c1\" data-element_type=\"widget\" data-widget_type=\"manufaktursolutions_core_section_title.default\">\n\t\t\t\t<div class=\"elementor-widget-container\">\n\t\t\t\t\t<div class=\"qodef-shortcode qodef-m  qodef-section-title qodef-alignment--left   \">\n\t\t\t<h5 class=\"qodef-m-title\" style=\"color: #FFFFFF\">\n\t\t\t\t\tTHE MOST COMPLETE MODEL, ACCESSIBLE TO ALL, AND IDEAL FOR URBAN CENTERS \t\t\t<\/h5>\n\t\t<\/div>\n\t\t\t\t<\/div>\n\t\t\t\t<\/div>\n\t\t\t\t<section class=\"elementor-section elementor-inner-section elementor-element elementor-element-198829a elementor-section-full_width elementor-section-height-default elementor-section-height-default qodef-elementor-content-no\" data-id=\"198829a\" data-element_type=\"section\">\n\t\t\t\t\t\t<div class=\"elementor-container elementor-column-gap-default\">\n\t\t\t\t\t<div class=\"elementor-column elementor-col-100 elementor-inner-column elementor-element elementor-element-c3c3763\" data-id=\"c3c3763\" data-element_type=\"column\">\n\t\t\t<div class=\"elementor-widget-wrap elementor-element-populated\">\n\t\t\t\t\t\t<div class=\"elementor-element elementor-element-dba7640 elementor-widget elementor-widget-text-editor\" data-id=\"dba7640\" data-element_type=\"widget\" data-widget_type=\"text-editor.default\">\n\t\t\t\t<div class=\"elementor-widget-container\">\n\t\t\t\t\t\t\t\t\t<p>This option includes a toilet for people with reduced mobility and a smaller regular toilet. Its non-slip aluminum floor makes its use even safer, as does the support bar. Installing a coat hook and a stainless steel trash can increases its functionality. We also offer the option of connecting the toilet to the water supply network.<\/p>\t\t\t\t\t\t\t\t<\/div>\n\t\t\t\t<\/div>\n\t\t\t\t\t<\/div>\n\t\t<\/div>\n\t\t\t\t\t<\/div>\n\t\t<\/section>\n\t\t\t\t\t<\/div>\n\t\t<\/div>\n\t\t\t\t<div class=\"elementor-column elementor-col-50 elementor-top-column elementor-element elementor-element-372136d\" data-id=\"372136d\" data-element_type=\"column\">\n\t\t\t<div class=\"elementor-widget-wrap elementor-element-populated\">\n\t\t\t\t\t\t<section class=\"elementor-section elementor-inner-section elementor-element elementor-element-a75f66b elementor-section-full_width elementor-section-height-default elementor-section-height-default qodef-elementor-content-no\" data-id=\"a75f66b\" data-element_type=\"section\">\n\t\t\t\t\t\t<div class=\"elementor-container elementor-column-gap-default\">\n\t\t\t\t\t<div class=\"elementor-column elementor-col-100 elementor-inner-column elementor-element elementor-element-b814085\" data-id=\"b814085\" data-element_type=\"column\">\n\t\t\t<div class=\"elementor-widget-wrap elementor-element-populated\">\n\t\t\t\t\t\t<div class=\"elementor-element elementor-element-5191929 elementor-widget elementor-widget-manufaktursolutions_core_section_title\" data-id=\"5191929\" data-element_type=\"widget\" data-widget_type=\"manufaktursolutions_core_section_title.default\">\n\t\t\t\t<div class=\"elementor-widget-container\">\n\t\t\t\t\t<div class=\"qodef-shortcode qodef-m  qodef-section-title qodef-alignment--left   \">\n\t\t\t<h5 class=\"qodef-m-title\" style=\"color: #2B999E\">\n\t\t\t\t\tUNRIVALED AUTONOMY  \t\t\t<\/h5>\n\t\t\t<p class=\"qodef-m-text\" style=\"margin-top: 10px;color: #C1C1C1\">An integrated LED light with automatic ignition powered by the solar panel allows for illuminated and safe access at all tim<\/p>\n<\/div>\n\t\t\t\t<\/div>\n\t\t\t\t<\/div>\n\t\t\t\t\t<\/div>\n\t\t<\/div>\n\t\t\t\t\t<\/div>\n\t\t<\/section>\n\t\t\t\t<section class=\"elementor-section elementor-inner-section elementor-element elementor-element-333c0a7 elementor-section-full_width elementor-section-height-default elementor-section-height-default qodef-elementor-content-no\" data-id=\"333c0a7\" data-element_type=\"section\">\n\t\t\t\t\t\t<div class=\"elementor-container elementor-column-gap-default\">\n\t\t\t\t\t<div class=\"elementor-column elementor-col-100 elementor-inner-column elementor-element elementor-element-5379aa7\" data-id=\"5379aa7\" data-element_type=\"column\">\n\t\t\t<div class=\"elementor-widget-wrap elementor-element-populated\">\n\t\t\t\t\t\t<div class=\"elementor-element elementor-element-7305202 elementor-widget elementor-widget-manufaktursolutions_core_section_title\" data-id=\"7305202\" data-element_type=\"widget\" data-widget_type=\"manufaktursolutions_core_section_title.default\">\n\t\t\t\t<div class=\"elementor-widget-container\">\n\t\t\t\t\t<div class=\"qodef-shortcode qodef-m  qodef-section-title qodef-alignment--left   \">\n\t\t\t<h5 class=\"qodef-m-title\" style=\"color: #2B999E\">\n\t\t\t\t\tDURABLE AND EASY TO MAINTAIN  \t\t\t<\/h5>\n\t\t\t<p class=\"qodef-m-text\" style=\"margin-top: 10px;color: #C1C1C1\">Our ecological toilet can be cleaned with a high-pressure water jet for more efficient maintenance. The stainless steel bowl makes it more durable, as does the steel cabin. <\/p>\n<\/div>\n\t\t\t\t<\/div>\n\t\t\t\t<\/div>\n\t\t\t\t\t<\/div>\n\t\t<\/div>\n\t\t\t\t\t<\/div>\n\t\t<\/section>\n\t\t\t\t<section class=\"elementor-section elementor-inner-section elementor-element elementor-element-52ee6de elementor-section-full_width elementor-section-height-default elementor-section-height-default qodef-elementor-content-no\" data-id=\"52ee6de\" data-element_type=\"section\">\n\t\t\t\t\t\t<div class=\"elementor-container elementor-column-gap-default\">\n\t\t\t\t\t<div class=\"elementor-column elementor-col-100 elementor-inner-column elementor-element elementor-element-8ee2092\" data-id=\"8ee2092\" data-element_type=\"column\">\n\t\t\t<div class=\"elementor-widget-wrap elementor-element-populated\">\n\t\t\t\t\t\t<div class=\"elementor-element elementor-element-90e8639 elementor-widget elementor-widget-text-editor\" data-id=\"90e8639\" data-element_type=\"widget\" data-widget_type=\"text-editor.default\">\n\t\t\t\t<div class=\"elementor-widget-container\">\n\t\t\t\t\t\t\t\t\t<ul><li>Toilet connected to the water network (option)<\/li><li>Unlimited waste capacity<\/li><li>Cleans with a pressure water jet<\/li><li>Accessible for people with reduced mobility (PMR) + a regular toilet<\/li><li>No need for foundation<\/li><li>Integrated LED light with automatic ignition<\/li><li>Stainless steel bowl Support bar, stainless steel trash can, and coat hook<\/li><li>Non-slip aluminum floor<\/li><\/ul>\t\t\t\t\t\t\t\t<\/div>\n\t\t\t\t<\/div>\n\t\t\t\t\t<\/div>\n\t\t<\/div>\n\t\t\t\t\t<\/div>\n\t\t<\/section>\n\t\t\t\t\t<\/div>\n\t\t<\/div>\n\t\t\t\t\t<\/div>\n\t\t<\/section>\n\t\t\t\t<section class=\"elementor-section elementor-top-section elementor-element elementor-element-f8c6077 elementor-section-boxed elementor-section-height-default elementor-section-height-default qodef-elementor-content-no\" data-id=\"f8c6077\" data-element_type=\"section\">\n\t\t\t\t\t\t<div class=\"elementor-container elementor-column-gap-default\">\n\t\t\t\t\t<div class=\"elementor-column elementor-col-100 elementor-top-column elementor-element elementor-element-e299789\" data-id=\"e299789\" data-element_type=\"column\">\n\t\t\t<div class=\"elementor-widget-wrap elementor-element-populated\">\n\t\t\t\t\t\t<div class=\"elementor-element elementor-element-372c2c5 elementor-widget elementor-widget-manufaktursolutions_core_image_gallery\" data-id=\"372c2c5\" data-element_type=\"widget\" data-widget_type=\"manufaktursolutions_core_image_gallery.default\">\n\t\t\t\t<div class=\"elementor-widget-container\">\n\t\t\t\t\t<div class=\"qodef-shortcode qodef-m  qodef-image-gallery qodef-magnific-popup qodef-popup-gallery   qodef-grid qodef-layout--masonry  qodef-gutter--tiny qodef-col-num--3  qodef-responsive--custom qodef-col-num--1440--3 qodef-col-num--1366--3 qodef-col-num--1024--2 qodef-col-num--768--2 qodef-col-num--680--1 qodef-col-num--480--1\">\n\t<div class=\"qodef-grid-inner clear\">\n\t\t\t<div class=\"qodef-grid-masonry-sizer\"><\/div>\n\t<div class=\"qodef-grid-masonry-gutter\"><\/div>\n<div class=\"qodef-e qodef-image-wrapper qodef-grid-item \">\n\t\t\t<a class=\"qodef-popup-item\" itemprop=\"image\" href=\"https:\/\/nixiloo.com\/wp-content\/uploads\/2024\/02\/pmrsolo-image-3.png\" data-type=\"image\" title=\"La toilette \u00e9cologique NIX-03\">\n\t\t\t<img decoding=\"async\" width=\"1920\" height=\"1080\" src=\"https:\/\/nixiloo.com\/wp-content\/uploads\/2024\/02\/pmrsolo-image-3.png\" class=\"attachment-full size-full\" alt=\"La toilette \u00e9cologique NIX-03\" srcset=\"https:\/\/nixiloo.com\/wp-content\/uploads\/2024\/02\/pmrsolo-image-3.png 1920w, https:\/\/nixiloo.com\/wp-content\/uploads\/2024\/02\/pmrsolo-image-3-300x169.png 300w, https:\/\/nixiloo.com\/wp-content\/uploads\/2024\/02\/pmrsolo-image-3-1024x576.png 1024w, https:\/\/nixiloo.com\/wp-content\/uploads\/2024\/02\/pmrsolo-image-3-768x432.png 768w, https:\/\/nixiloo.com\/wp-content\/uploads\/2024\/02\/pmrsolo-image-3-1536x864.png 1536w\" sizes=\"(max-width: 1920px) 100vw, 1920px\" title=\"\">\t\t\t<\/a>\n\t<\/div>\n<div class=\"qodef-e qodef-image-wrapper qodef-grid-item \">\n\t\t\t<a class=\"qodef-popup-item\" itemprop=\"image\" href=\"https:\/\/nixiloo.com\/wp-content\/uploads\/2024\/02\/pmrsolo-image-6.png\" data-type=\"image\" title=\"Le dedans de la toilette \u00e9cologique NIX-03\">\n\t\t\t<img decoding=\"async\" width=\"1920\" height=\"1080\" src=\"https:\/\/nixiloo.com\/wp-content\/uploads\/2024\/02\/pmrsolo-image-6.png\" class=\"attachment-full size-full\" alt=\"Le dedans de la toilette \u00e9cologique NIX-03\" srcset=\"https:\/\/nixiloo.com\/wp-content\/uploads\/2024\/02\/pmrsolo-image-6.png 1920w, https:\/\/nixiloo.com\/wp-content\/uploads\/2024\/02\/pmrsolo-image-6-300x169.png 300w, https:\/\/nixiloo.com\/wp-content\/uploads\/2024\/02\/pmrsolo-image-6-1024x576.png 1024w, https:\/\/nixiloo.com\/wp-content\/uploads\/2024\/02\/pmrsolo-image-6-768x432.png 768w, https:\/\/nixiloo.com\/wp-content\/uploads\/2024\/02\/pmrsolo-image-6-1536x864.png 1536w\" sizes=\"(max-width: 1920px) 100vw, 1920px\" title=\"\">\t\t\t<\/a>\n\t<\/div>\n<div class=\"qodef-e qodef-image-wrapper qodef-grid-item \">\n\t\t\t<a class=\"qodef-popup-item\" itemprop=\"image\" href=\"https:\/\/nixiloo.com\/wp-content\/uploads\/2024\/02\/PMRsolo-image-A2-final.jpg\" data-type=\"image\" title=\"La toilette \u00e9cologique NIX-03\">\n\t\t\t<img decoding=\"async\" width=\"1920\" height=\"1080\" src=\"https:\/\/nixiloo.com\/wp-content\/uploads\/2024\/02\/PMRsolo-image-A2-final.jpg\" class=\"attachment-full size-full\" alt=\"La toilette \u00e9cologique NIX-03\" srcset=\"https:\/\/nixiloo.com\/wp-content\/uploads\/2024\/02\/PMRsolo-image-A2-final.jpg 1920w, https:\/\/nixiloo.com\/wp-content\/uploads\/2024\/02\/PMRsolo-image-A2-final-300x169.jpg 300w, https:\/\/nixiloo.com\/wp-content\/uploads\/2024\/02\/PMRsolo-image-A2-final-1024x576.jpg 1024w, https:\/\/nixiloo.com\/wp-content\/uploads\/2024\/02\/PMRsolo-image-A2-final-768x432.jpg 768w, https:\/\/nixiloo.com\/wp-content\/uploads\/2024\/02\/PMRsolo-image-A2-final-1536x864.jpg 1536w\" sizes=\"(max-width: 1920px) 100vw, 1920px\" title=\"\">\t\t\t<\/a>\n\t<\/div>\n<div class=\"qodef-e qodef-image-wrapper qodef-grid-item \">\n\t\t\t<a class=\"qodef-popup-item\" itemprop=\"image\" href=\"https:\/\/nixiloo.com\/wp-content\/uploads\/2024\/02\/pmrsolo-image-B2.jpg\" data-type=\"image\" title=\"La toilette \u00e9cologique NIX-03\">\n\t\t\t<img decoding=\"async\" width=\"1920\" height=\"1080\" src=\"https:\/\/nixiloo.com\/wp-content\/uploads\/2024\/02\/pmrsolo-image-B2.jpg\" class=\"attachment-full size-full\" alt=\"La toilette \u00e9cologique NIX-03\" srcset=\"https:\/\/nixiloo.com\/wp-content\/uploads\/2024\/02\/pmrsolo-image-B2.jpg 1920w, https:\/\/nixiloo.com\/wp-content\/uploads\/2024\/02\/pmrsolo-image-B2-300x169.jpg 300w, https:\/\/nixiloo.com\/wp-content\/uploads\/2024\/02\/pmrsolo-image-B2-1024x576.jpg 1024w, https:\/\/nixiloo.com\/wp-content\/uploads\/2024\/02\/pmrsolo-image-B2-768x432.jpg 768w, https:\/\/nixiloo.com\/wp-content\/uploads\/2024\/02\/pmrsolo-image-B2-1536x864.jpg 1536w\" sizes=\"(max-width: 1920px) 100vw, 1920px\" title=\"\">\t\t\t<\/a>\n\t<\/div>\n<div class=\"qodef-e qodef-image-wrapper qodef-grid-item \">\n\t\t\t<a class=\"qodef-popup-item\" itemprop=\"image\" href=\"https:\/\/nixiloo.com\/wp-content\/uploads\/2024\/02\/pmrsolo-image-C2.jpg\" data-type=\"image\" title=\"Le c\u00f4t\u00e9 de la toilette \u00e9cologique NIX-03\">\n\t\t\t<img decoding=\"async\" width=\"1920\" height=\"1080\" src=\"https:\/\/nixiloo.com\/wp-content\/uploads\/2024\/02\/pmrsolo-image-C2.jpg\" class=\"attachment-full size-full\" alt=\"Le c\u00f4t\u00e9 de la toilette \u00e9cologique NIX-03\" srcset=\"https:\/\/nixiloo.com\/wp-content\/uploads\/2024\/02\/pmrsolo-image-C2.jpg 1920w, https:\/\/nixiloo.com\/wp-content\/uploads\/2024\/02\/pmrsolo-image-C2-300x169.jpg 300w, https:\/\/nixiloo.com\/wp-content\/uploads\/2024\/02\/pmrsolo-image-C2-1024x576.jpg 1024w, https:\/\/nixiloo.com\/wp-content\/uploads\/2024\/02\/pmrsolo-image-C2-768x432.jpg 768w, https:\/\/nixiloo.com\/wp-content\/uploads\/2024\/02\/pmrsolo-image-C2-1536x864.jpg 1536w\" sizes=\"(max-width: 1920px) 100vw, 1920px\" title=\"\">\t\t\t<\/a>\n\t<\/div>\n<div class=\"qodef-e qodef-image-wrapper qodef-grid-item \">\n\t\t\t<a class=\"qodef-popup-item\" itemprop=\"image\" href=\"https:\/\/nixiloo.com\/wp-content\/uploads\/2024\/02\/pmrsolo-image-D2.jpeg\" data-type=\"image\" title=\"\">\n\t\t\t<img decoding=\"async\" width=\"1920\" height=\"1080\" src=\"https:\/\/nixiloo.com\/wp-content\/uploads\/2024\/02\/pmrsolo-image-D2.jpeg\" class=\"attachment-full size-full\" alt=\"\" srcset=\"https:\/\/nixiloo.com\/wp-content\/uploads\/2024\/02\/pmrsolo-image-D2.jpeg 1920w, https:\/\/nixiloo.com\/wp-content\/uploads\/2024\/02\/pmrsolo-image-D2-300x169.jpeg 300w, https:\/\/nixiloo.com\/wp-content\/uploads\/2024\/02\/pmrsolo-image-D2-1024x576.jpeg 1024w, https:\/\/nixiloo.com\/wp-content\/uploads\/2024\/02\/pmrsolo-image-D2-768x432.jpeg 768w, https:\/\/nixiloo.com\/wp-content\/uploads\/2024\/02\/pmrsolo-image-D2-1536x864.jpeg 1536w\" sizes=\"(max-width: 1920px) 100vw, 1920px\" title=\"\">\t\t\t<\/a>\n\t<\/div>\n\t<\/div>\n<\/div>\n\t\t\t\t<\/div>\n\t\t\t\t<\/div>\n\t\t\t\t\t<\/div>\n\t\t<\/div>\n\t\t\t\t\t<\/div>\n\t\t<\/section>\n\t\t\t\t<\/div>\n\t\t","protected":false},"excerpt":{"rendered":"<p>Nixiloo NIX-03 THE MOST COMPLETE MODEL, ACCESSIBLE TO ALL, AND IDEAL FOR URBAN CENTERS This option includes a toilet for people with reduced mobility and a smaller regular toilet. Its non-slip aluminum floor makes its use even safer, as does the support bar. Installing a coat hook and a stainless steel trash can increases its [&hellip;]<\/p>\n","protected":false},"author":1,"featured_media":0,"parent":9823,"menu_order":0,"comment_status":"closed","ping_status":"closed","template":"page-full-width.php","meta":{"footnotes":""},"class_list":["post-9864","page","type-page","status-publish","hentry"],"_links":{"self":[{"href":"https:\/\/nixiloo.com\/en\/wp-json\/wp\/v2\/pages\/9864","targetHints":{"allow":["GET"]}}],"collection":[{"href":"https:\/\/nixiloo.com\/en\/wp-json\/wp\/v2\/pages"}],"about":[{"href":"https:\/\/nixiloo.com\/en\/wp-json\/wp\/v2\/types\/page"}],"author":[{"embeddable":true,"href":"https:\/\/nixiloo.com\/en\/wp-json\/wp\/v2\/users\/1"}],"replies":[{"embeddable":true,"href":"https:\/\/nixiloo.com\/en\/wp-json\/wp\/v2\/comments?post=9864"}],"version-history":[{"count":20,"href":"https:\/\/nixiloo.com\/en\/wp-json\/wp\/v2\/pages\/9864\/revisions"}],"predecessor-version":[{"id":10661,"href":"https:\/\/nixiloo.com\/en\/wp-json\/wp\/v2\/pages\/9864\/revisions\/10661"}],"up":[{"embeddable":true,"href":"https:\/\/nixiloo.com\/en\/wp-json\/wp\/v2\/pages\/9823"}],"wp:attachment":[{"href":"https:\/\/nixiloo.com\/en\/wp-json\/wp\/v2\/media?parent=9864"}],"curies":[{"name":"wp","href":"https:\/\/api.w.org\/{rel}","templated":true}]}}